{"id":5600,"date":"2024-06-24T16:14:27","date_gmt":"2024-06-24T14:14:27","guid":{"rendered":"https:\/\/aska-bike.com\/reserver-un-essai-routier\/"},"modified":"2025-09-25T15:27:12","modified_gmt":"2025-09-25T13:27:12","slug":"reserver-un-essai-routier","status":"publish","type":"page","link":"https:\/\/aska-bike.com\/fr\/reserver-un-essai-routier\/","title":{"rendered":"R\u00e9server un essai"},"content":{"rendered":"<noscript class=\"ninja-forms-noscript-message\">\n\tRemarque\u00a0: JavaScript est requis pour ce contenu.<\/noscript>\n<div id=\"nf-form-15-cont\" class=\"nf-form-cont\" aria-live=\"polite\" aria-labelledby=\"nf-form-title-15\" aria-describedby=\"nf-form-errors-15\" role=\"form\">\n\n    <div class=\"nf-loading-spinner\"><\/div>\n\n<\/div>\n        <!-- That data is being printed as a workaround to page builders reordering the order of the scripts loaded-->\n        <script>var formDisplay=1;var nfForms=nfForms||[];var form=[];form.id='15';form.settings={\"objectType\":\"Form Setting\",\"editActive\":true,\"title\":\"R\\u00e9server un essai\",\"default_label_pos\":\"above\",\"show_title\":\"1\",\"clear_complete\":\"1\",\"hide_complete\":\"1\",\"logged_in\":\"\",\"wrapper_class\":\"\",\"element_class\":\"\",\"key\":\"\",\"add_submit\":\"1\",\"changeEmailErrorMsg\":\"Veuillez saisir une adresse de messagerie valide. Ex\\u00a0: jean.dupont@gmail.com\",\"changeDateErrorMsg\":\"Veuillez saisir une date valide\\u00a0!\",\"confirmFieldErrorMsg\":\"Ces champs doivent correspondre\\u00a0!\",\"fieldNumberNumMinError\":\"Erreur de nombre min.\",\"fieldNumberNumMaxError\":\"Erreur de nombre max.\",\"fieldNumberIncrementBy\":\"Veuillez incr\\u00e9menter par \",\"formErrorsCorrectErrors\":\"Veuillez corriger les erreurs avant d\\u2019envoyer ce formulaire.\",\"validateRequiredField\":\"Ce champ est obligatoire.\",\"honeypotHoneypotError\":\"Erreur Honeypot\",\"fieldsMarkedRequired\":\"Les champs marqu\\u00e9s d\\u2019un <span class=\\\"ninja-forms-req-symbol\\\">*<\\\/span> sont obligatoires\",\"currency\":\"\",\"repeatable_fieldsets\":\"\",\"unique_field_error\":\"Een formulier met deze waarde bestaat al.\",\"not_logged_in_msg\":\"\",\"sub_limit_msg\":\"Het formulier heeft zijn inzendingen-limiet bereikt.\",\"calculations\":[],\"formContentData\":[\"html_1663587759655\",\"prenom_1719235003650\",\"html_1663587627719\",\"nom_de_famille_1719235057846\",\"html_1663587762322\",\"e-mail_1665163242354\",\"html_1663587672525\",\"code_postal_1719235093036\",\"numero_de_telephone_1719235135298\",\"html_1665160943824\",\"j_accepte_la_politique_de_confidentialite_d_aska_1719235204225\",\"oui_contactez-moi_pour_des_promotions_des_offres_et_des_mises_a_jour_1719235245113\",\"confirmer_1719235317579\",\"html_1663589561163\",\"html_1680874168804\"],\"drawerDisabled\":false,\"form_title_heading_level\":\"3\",\"allow_public_link\":0,\"embed_form\":\"\",\"ninjaForms\":\"Ninja Forms\",\"fieldTextareaRTEInsertLink\":\"Ins\\u00e9rer un lien\",\"fieldTextareaRTEInsertMedia\":\"Ins\\u00e9rer un m\\u00e9dia\",\"fieldTextareaRTESelectAFile\":\"S\\u00e9lectionnez un fichier\",\"formHoneypot\":\"Si vous \\u00eates un \\u00eatre humain et que vous voyez ce champ, veuillez le laisser vide.\",\"fileUploadOldCodeFileUploadInProgress\":\"T\\u00e9l\\u00e9versement du fichier en cours.\",\"fileUploadOldCodeFileUpload\":\"T\\u00c9L\\u00c9VERSEMENT DE FICHIER\",\"currencySymbol\":\"&euro;\",\"thousands_sep\":\"\\u00a0\",\"decimal_point\":\",\",\"siteLocale\":\"fr_FR\",\"dateFormat\":\"d\\\/m\\\/Y\",\"startOfWeek\":\"1\",\"of\":\"sur\",\"previousMonth\":\"Mois pr\\u00e9c\\u00e9dent\",\"nextMonth\":\"Mois suivant\",\"months\":[\"Janvier\",\"F\\u00e9vrier\",\"Mars\",\"Avril\",\"Mai\",\"Juin\",\"Juillet\",\"Ao\\u00fbt\",\"Septembre\",\"Octobre\",\"Novembre\",\"D\\u00e9cembre\"],\"monthsShort\":[\"Jan\",\"F\\u00e9v\",\"Mar\",\"Avr\",\"Mai\",\"Juin\",\"Juil\",\"Ao\\u00fb\",\"Sep\",\"Oct\",\"Nov\",\"D\\u00e9c\"],\"weekdays\":[\"Dimanche\",\"Lundi\",\"Mardi\",\"Mercredi\",\"Jeudi\",\"Vendredi\",\"Samedi\"],\"weekdaysShort\":[\"Dim\",\"Lun\",\"Mar\",\"Mer\",\"Jeu\",\"Ven\",\"Sam\"],\"weekdaysMin\":[\"Di\",\"Lu\",\"Ma\",\"Me\",\"Je\",\"Ve\",\"Sa\"],\"recaptchaConsentMissing\":\"reCaptcha validation couldn&#039;t load.\",\"recaptchaMissingCookie\":\"reCaptcha v3 validation couldn&#039;t load the cookie needed to submit the form.\",\"recaptchaConsentEvent\":\"Accept reCaptcha cookies before sending the form.\",\"currency_symbol\":\"\",\"beforeForm\":\"\",\"beforeFields\":\"\",\"afterFields\":\"\",\"afterForm\":\"\"};form.fields=[{\"objectType\":\"Field\",\"objectDomain\":\"fields\",\"editActive\":false,\"order\":1,\"idAttribute\":\"id\",\"label\":\"HTML\",\"type\":\"html\",\"default\":\"\",\"container_class\":\"\",\"element_class\":\"\",\"key\":\"html_1663587759655\",\"field_label\":\"HTML\",\"field_key\":\"html_1663587759655\",\"drawerDisabled\":\"\",\"id\":202,\"beforeField\":\"\",\"afterField\":\"\",\"value\":\"\",\"label_pos\":\"above\",\"parentType\":\"html\",\"element_templates\":[\"html\",\"input\"],\"old_classname\":\"\",\"wrap_template\":\"wrap\"},{\"objectType\":\"Field\",\"objectDomain\":\"fields\",\"editActive\":false,\"order\":2,\"idAttribute\":\"id\",\"type\":\"firstname\",\"label\":\"Pr\\u00e9nom\",\"key\":\"prenom_1719235003650\",\"label_pos\":\"above\",\"required\":1,\"default\":\"\",\"placeholder\":\"Pr\\u00e9nom\",\"container_class\":\"\",\"element_class\":\"\",\"admin_label\":\"\",\"help_text\":\"\",\"custom_name_attribute\":\"fname\",\"personally_identifiable\":1,\"value\":\"\",\"drawerDisabled\":false,\"field_label\":\"Voornaam\",\"field_key\":\"voornaam_1665163232991\",\"id\":195,\"beforeField\":\"\",\"afterField\":\"\",\"parentType\":\"firstname\",\"element_templates\":[\"firstname\",\"input\"],\"old_classname\":\"\",\"wrap_template\":\"wrap\"},{\"objectType\":\"Field\",\"objectDomain\":\"fields\",\"editActive\":false,\"order\":3,\"idAttribute\":\"id\",\"label\":\"HTML\",\"type\":\"html\",\"default\":\"\",\"container_class\":\"\",\"element_class\":\"\",\"key\":\"html_1663587627719\",\"field_label\":\"HTML\",\"field_key\":\"html_1663587627719\",\"drawerDisabled\":\"\",\"id\":200,\"beforeField\":\"\",\"afterField\":\"\",\"value\":\"\",\"label_pos\":\"above\",\"parentType\":\"html\",\"element_templates\":[\"html\",\"input\"],\"old_classname\":\"\",\"wrap_template\":\"wrap\"},{\"objectType\":\"Field\",\"objectDomain\":\"fields\",\"editActive\":false,\"order\":4,\"idAttribute\":\"id\",\"type\":\"lastname\",\"label\":\"Nom de famille\",\"key\":\"nom_de_famille_1719235057846\",\"label_pos\":\"above\",\"required\":1,\"default\":\"\",\"placeholder\":\"Nom de famille\",\"container_class\":\"\",\"element_class\":\"\",\"admin_label\":\"\",\"help_text\":\"\",\"custom_name_attribute\":\"lname\",\"personally_identifiable\":1,\"value\":\"\",\"drawerDisabled\":false,\"field_label\":\"Familienaam\",\"field_key\":\"familienaam_1665163239013\",\"id\":196,\"beforeField\":\"\",\"afterField\":\"\",\"parentType\":\"lastname\",\"element_templates\":[\"lastname\",\"input\"],\"old_classname\":\"\",\"wrap_template\":\"wrap\"},{\"objectType\":\"Field\",\"objectDomain\":\"fields\",\"editActive\":false,\"order\":5,\"idAttribute\":\"id\",\"label\":\"HTML\",\"type\":\"html\",\"default\":\"\",\"container_class\":\"\",\"element_class\":\"\",\"key\":\"html_1663587762322\",\"field_label\":\"HTML\",\"field_key\":\"html_1663587762322\",\"id\":203,\"beforeField\":\"\",\"afterField\":\"\",\"value\":\"\",\"label_pos\":\"above\",\"parentType\":\"html\",\"element_templates\":[\"html\",\"input\"],\"old_classname\":\"\",\"wrap_template\":\"wrap\"},{\"objectType\":\"Field\",\"objectDomain\":\"fields\",\"editActive\":false,\"order\":6,\"idAttribute\":\"id\",\"label\":\"E-mail\",\"type\":\"email\",\"key\":\"e-mail_1665163242354\",\"label_pos\":\"above\",\"required\":1,\"default\":\"\",\"placeholder\":\"E-mail*\",\"container_class\":\"\",\"element_class\":\"\",\"admin_label\":\"\",\"help_text\":\"\",\"custom_name_attribute\":\"email\",\"personally_identifiable\":1,\"value\":\"\",\"drawerDisabled\":\"\",\"field_label\":\"E-mail\",\"field_key\":\"e-mail_1665163242354\",\"id\":205,\"beforeField\":\"\",\"afterField\":\"\",\"parentType\":\"email\",\"element_templates\":[\"email\",\"input\"],\"old_classname\":\"\",\"wrap_template\":\"wrap\"},{\"objectType\":\"Field\",\"objectDomain\":\"fields\",\"editActive\":false,\"order\":7,\"idAttribute\":\"id\",\"label\":\"HTML\",\"type\":\"html\",\"default\":\"\",\"container_class\":\"\",\"element_class\":\"\",\"key\":\"html_1663587672525\",\"field_label\":\"HTML\",\"field_key\":\"html_1663587672525\",\"drawerDisabled\":\"\",\"id\":201,\"beforeField\":\"\",\"afterField\":\"\",\"value\":\"\",\"label_pos\":\"above\",\"parentType\":\"html\",\"element_templates\":[\"html\",\"input\"],\"old_classname\":\"\",\"wrap_template\":\"wrap\"},{\"objectType\":\"Field\",\"objectDomain\":\"fields\",\"editActive\":false,\"order\":8,\"idAttribute\":\"id\",\"label\":\"Code postal\",\"type\":\"zip\",\"key\":\"code_postal_1719235093036\",\"label_pos\":\"above\",\"required\":1,\"default\":\"\",\"placeholder\":\"Code postal\",\"container_class\":\"\",\"element_class\":\"\",\"input_limit\":\"\",\"input_limit_type\":\"characters\",\"input_limit_msg\":\"Teken(s) resterend\",\"manual_key\":\"\",\"admin_label\":\"\",\"help_text\":\"\",\"mask\":\"\",\"custom_mask\":\"\",\"custom_name_attribute\":\"zip\",\"personally_identifiable\":\"\",\"value\":\"\",\"drawerDisabled\":false,\"field_label\":\"Postcode\",\"field_key\":\"zip_1679916794492\",\"id\":208,\"beforeField\":\"\",\"afterField\":\"\",\"parentType\":\"zip\",\"element_templates\":[\"zip\",\"textbox\",\"input\",\"textbox\",\"input\"],\"old_classname\":\"\",\"wrap_template\":\"wrap\"},{\"objectType\":\"Field\",\"objectDomain\":\"fields\",\"editActive\":false,\"order\":9,\"idAttribute\":\"id\",\"label\":\"Num\\u00e9ro de t\\u00e9l\\u00e9phone\",\"type\":\"phone\",\"key\":\"numero_de_telephone_1719235135298\",\"label_pos\":\"above\",\"required\":1,\"default\":\"\",\"placeholder\":\"Num\\u00e9ro de t\\u00e9l\\u00e9phone\",\"container_class\":\"\",\"element_class\":\"\",\"input_limit\":\"\",\"input_limit_type\":\"characters\",\"input_limit_msg\":\"Teken(s) resterend\",\"manual_key\":\"\",\"admin_label\":\"\",\"help_text\":\"<p>Dans les 48 heures, le distributeur \\u00c5SKA vous appellera pour fixer un rendez-vous.<\\\/p>\",\"mask\":\"\",\"custom_mask\":\"\",\"custom_name_attribute\":\"phone\",\"personally_identifiable\":1,\"value\":\"\",\"drawerDisabled\":false,\"desc_text\":\"<p>Dans les 48 heures, le distributeur \\u00c5SKA vous appellera pour fixer un rendez-vous.<br><\\\/p>\",\"field_label\":\"Telefoonnummer\",\"field_key\":\"telefoonnummer_1667549917250\",\"id\":207,\"beforeField\":\"\",\"afterField\":\"\",\"parentType\":\"textbox\",\"element_templates\":[\"tel\",\"textbox\",\"input\"],\"old_classname\":\"\",\"wrap_template\":\"wrap\"},{\"objectType\":\"Field\",\"objectDomain\":\"fields\",\"editActive\":false,\"order\":10,\"idAttribute\":\"id\",\"label\":\"HTML\",\"type\":\"html\",\"default\":\"\",\"container_class\":\"\",\"element_class\":\"\",\"key\":\"html_1665160943824\",\"field_label\":\"HTML\",\"field_key\":\"html_1665160943824\",\"drawerDisabled\":\"\",\"id\":206,\"beforeField\":\"\",\"afterField\":\"\",\"value\":\"\",\"label_pos\":\"above\",\"parentType\":\"html\",\"element_templates\":[\"html\",\"input\"],\"old_classname\":\"\",\"wrap_template\":\"wrap\"},{\"objectType\":\"Field\",\"objectDomain\":\"fields\",\"editActive\":false,\"order\":11,\"idAttribute\":\"id\",\"type\":\"checkbox\",\"label\":\"J'accepte la politique de confidentialit\\u00e9 d'Aska.\",\"key\":\"j_accepte_la_politique_de_confidentialite_d_aska_1719235204225\",\"label_pos\":\"right\",\"required\":1,\"container_class\":\"\",\"element_class\":\"\",\"manual_key\":\"\",\"admin_label\":\"\",\"help_text\":\"<p><br><\\\/p>\",\"desc_text\":\"<p><br><\\\/p>\",\"default_value\":\"checked\",\"checked_value\":\"Geselecteerd\",\"unchecked_value\":\"Gedeselecteerd\",\"checked_calc_value\":\"\",\"unchecked_calc_value\":\"\",\"drawerDisabled\":false,\"field_label\":\"Ik ga akkoord met de privacy policy van Aska.\",\"field_key\":\"ik_ga_akkoord_met_de_privacy_policy_van_aska_1662807674841\",\"id\":198,\"beforeField\":\"\",\"afterField\":\"\",\"value\":\"\",\"parentType\":\"checkbox\",\"element_templates\":[\"checkbox\",\"input\"],\"old_classname\":\"\",\"wrap_template\":\"wrap\"},{\"objectType\":\"Field\",\"objectDomain\":\"fields\",\"editActive\":false,\"order\":12,\"idAttribute\":\"id\",\"type\":\"checkbox\",\"label\":\"Oui, contactez-moi pour des promotions, des offres et des mises \\u00e0 jour.\",\"key\":\"oui_contactez-moi_pour_des_promotions_des_offres_et_des_mises_a_jour_1719235245113\",\"label_pos\":\"right\",\"required\":0,\"container_class\":\"\",\"element_class\":\"\",\"manual_key\":\"\",\"admin_label\":\"\",\"help_text\":\"\",\"default_value\":\"checked\",\"checked_value\":\"Subscribed\",\"unchecked_value\":\"Non-subscribed\",\"checked_calc_value\":\"\",\"unchecked_calc_value\":\"\",\"drawerDisabled\":false,\"field_label\":\"ja, contacteer me voor promoties, aanbiedingen en nieuwsupdates.\",\"field_key\":\"ja_contacteer_me_voor_promoties_aanbiedingen_en_nieuwsupdates_1665160338213\",\"id\":199,\"beforeField\":\"\",\"afterField\":\"\",\"value\":\"\",\"parentType\":\"checkbox\",\"element_templates\":[\"checkbox\",\"input\"],\"old_classname\":\"\",\"wrap_template\":\"wrap\"},{\"objectType\":\"Field\",\"objectDomain\":\"fields\",\"editActive\":false,\"order\":13,\"idAttribute\":\"id\",\"type\":\"submit\",\"label\":\"Confirmer\",\"processing_label\":\"Traitement\",\"container_class\":\"\",\"element_class\":\"\",\"key\":\"confirmer_1719235317579\",\"drawerDisabled\":false,\"field_label\":\"Verzenden\",\"field_key\":\"verzenden_1662724333392\",\"id\":197,\"beforeField\":\"\",\"afterField\":\"\",\"value\":\"\",\"label_pos\":\"above\",\"parentType\":\"textbox\",\"element_templates\":[\"submit\",\"button\",\"input\"],\"old_classname\":\"\",\"wrap_template\":\"wrap-no-label\"},{\"objectType\":\"Field\",\"objectDomain\":\"fields\",\"editActive\":false,\"order\":14,\"idAttribute\":\"id\",\"label\":\"HTML\",\"type\":\"html\",\"default\":\"\",\"container_class\":\"\",\"element_class\":\"\",\"key\":\"html_1663589561163\",\"field_label\":\"HTML\",\"field_key\":\"html_1663589561163\",\"id\":204,\"beforeField\":\"\",\"afterField\":\"\",\"value\":\"\",\"label_pos\":\"above\",\"parentType\":\"html\",\"element_templates\":[\"html\",\"input\"],\"old_classname\":\"\",\"wrap_template\":\"wrap\"},{\"objectType\":\"Field\",\"objectDomain\":\"fields\",\"editActive\":false,\"order\":15,\"idAttribute\":\"id\",\"label\":\"HTML\",\"type\":\"html\",\"default\":\"\",\"container_class\":\"\",\"element_class\":\"\",\"key\":\"html_1680874168804\",\"field_label\":\"HTML\",\"field_key\":\"html_1680874168804\",\"id\":209,\"beforeField\":\"\",\"afterField\":\"\",\"value\":\"\",\"label_pos\":\"above\",\"parentType\":\"html\",\"element_templates\":[\"html\",\"input\"],\"old_classname\":\"\",\"wrap_template\":\"wrap\"}];nfForms.push(form);<\/script>\n        ","protected":false},"excerpt":{"rendered":"<p>Remarque\u00a0: JavaScript est requis pour ce contenu.<\/p>\n","protected":false},"author":6,"featured_media":0,"parent":0,"menu_order":0,"comment_status":"closed","ping_status":"closed","template":"","meta":{"inline_featured_image":false},"yoast_head":"<!-- This site is optimized with the Yoast SEO plugin v17.4 - https:\/\/yoast.com\/wordpress\/plugins\/seo\/ -->\n<title>R\u00e9server un essai - AskaBikes<\/title>\n<meta name=\"description\" content=\"R\u00e9servez votre essai sur un speedpedelec \u00c5SKA. D\u00e9couvrez la qualit\u00e9, le confort et le plaisir de ce speedpedelec.\" \/>\n<meta name=\"robots\" content=\"index, follow, max-snippet:-1, max-image-preview:large, max-video-preview:-1\" \/>\n<link rel=\"canonical\" href=\"https:\/\/aska-bike.com\/fr\/reserver-un-essai-routier\/\" \/>\n<meta property=\"og:locale\" content=\"fr_FR\" \/>\n<meta property=\"og:type\" content=\"article\" \/>\n<meta property=\"og:title\" content=\"R\u00e9server un essai - AskaBikes\" \/>\n<meta property=\"og:description\" content=\"R\u00e9servez votre essai sur un speedpedelec \u00c5SKA. D\u00e9couvrez la qualit\u00e9, le confort et le plaisir de ce speedpedelec.\" \/>\n<meta property=\"og:url\" content=\"https:\/\/aska-bike.com\/fr\/reserver-un-essai-routier\/\" \/>\n<meta property=\"og:site_name\" content=\"AskaBikes\" \/>\n<meta property=\"article:modified_time\" content=\"2025-09-25T13:27:12+00:00\" \/>\n<meta name=\"twitter:card\" content=\"summary_large_image\" \/>\n<script type=\"application\/ld+json\" class=\"yoast-schema-graph\">{\"@context\":\"https:\/\/schema.org\",\"@graph\":[{\"@type\":\"Organization\",\"@id\":\"https:\/\/aska-bike.com\/#organization\",\"name\":\"\\u00c5SKA BIKE\",\"url\":\"https:\/\/aska-bike.com\/\",\"sameAs\":[],\"logo\":{\"@type\":\"ImageObject\",\"@id\":\"https:\/\/aska-bike.com\/#logo\",\"inLanguage\":\"fr-FR\",\"url\":\"https:\/\/aska-bike.com\/wp-content\/uploads\/2024\/11\/ASKA-logo-black-red-20203010.png\",\"contentUrl\":\"https:\/\/aska-bike.com\/wp-content\/uploads\/2024\/11\/ASKA-logo-black-red-20203010.png\",\"width\":1276,\"height\":470,\"caption\":\"\\u00c5SKA BIKE\"},\"image\":{\"@id\":\"https:\/\/aska-bike.com\/#logo\"}},{\"@type\":\"WebSite\",\"@id\":\"https:\/\/aska-bike.com\/#website\",\"url\":\"https:\/\/aska-bike.com\/\",\"name\":\"AskaBikes\",\"description\":\"\\u00c5SKA Electric Speed Bikes | Super commuter. All-road adventurer.\",\"publisher\":{\"@id\":\"https:\/\/aska-bike.com\/#organization\"},\"potentialAction\":[{\"@type\":\"SearchAction\",\"target\":{\"@type\":\"EntryPoint\",\"urlTemplate\":\"https:\/\/aska-bike.com\/?s={search_term_string}\"},\"query-input\":\"required name=search_term_string\"}],\"inLanguage\":\"fr-FR\"},{\"@type\":\"WebPage\",\"@id\":\"https:\/\/aska-bike.com\/fr\/reserver-un-essai-routier\/#webpage\",\"url\":\"https:\/\/aska-bike.com\/fr\/reserver-un-essai-routier\/\",\"name\":\"R\\u00e9server un essai - AskaBikes\",\"isPartOf\":{\"@id\":\"https:\/\/aska-bike.com\/#website\"},\"datePublished\":\"2024-06-24T14:14:27+00:00\",\"dateModified\":\"2025-09-25T13:27:12+00:00\",\"description\":\"R\\u00e9servez votre essai sur un speedpedelec \\u00c5SKA. D\\u00e9couvrez la qualit\\u00e9, le confort et le plaisir de ce speedpedelec.\",\"breadcrumb\":{\"@id\":\"https:\/\/aska-bike.com\/fr\/reserver-un-essai-routier\/#breadcrumb\"},\"inLanguage\":\"fr-FR\",\"potentialAction\":[{\"@type\":\"ReadAction\",\"target\":[\"https:\/\/aska-bike.com\/fr\/reserver-un-essai-routier\/\"]}]},{\"@type\":\"BreadcrumbList\",\"@id\":\"https:\/\/aska-bike.com\/fr\/reserver-un-essai-routier\/#breadcrumb\",\"itemListElement\":[{\"@type\":\"ListItem\",\"position\":1,\"name\":\"R\\u00e9server un essai\"}]}]}<\/script>\n<!-- \/ Yoast SEO plugin. -->","yoast_head_json":{"title":"R\u00e9server un essai - AskaBikes","description":"R\u00e9servez votre essai sur un speedpedelec \u00c5SKA. D\u00e9couvrez la qualit\u00e9, le confort et le plaisir de ce speedpedelec.","robots":{"index":"index","follow":"follow","max-snippet":"max-snippet:-1","max-image-preview":"max-image-preview:large","max-video-preview":"max-video-preview:-1"},"canonical":"https:\/\/aska-bike.com\/fr\/reserver-un-essai-routier\/","og_locale":"fr_FR","og_type":"article","og_title":"R\u00e9server un essai - AskaBikes","og_description":"R\u00e9servez votre essai sur un speedpedelec \u00c5SKA. D\u00e9couvrez la qualit\u00e9, le confort et le plaisir de ce speedpedelec.","og_url":"https:\/\/aska-bike.com\/fr\/reserver-un-essai-routier\/","og_site_name":"AskaBikes","article_modified_time":"2025-09-25T13:27:12+00:00","twitter_card":"summary_large_image","schema":{"@context":"https:\/\/schema.org","@graph":[{"@type":"Organization","@id":"https:\/\/aska-bike.com\/#organization","name":"\u00c5SKA BIKE","url":"https:\/\/aska-bike.com\/","sameAs":[],"logo":{"@type":"ImageObject","@id":"https:\/\/aska-bike.com\/#logo","inLanguage":"fr-FR","url":"https:\/\/aska-bike.com\/wp-content\/uploads\/2024\/11\/ASKA-logo-black-red-20203010.png","contentUrl":"https:\/\/aska-bike.com\/wp-content\/uploads\/2024\/11\/ASKA-logo-black-red-20203010.png","width":1276,"height":470,"caption":"\u00c5SKA BIKE"},"image":{"@id":"https:\/\/aska-bike.com\/#logo"}},{"@type":"WebSite","@id":"https:\/\/aska-bike.com\/#website","url":"https:\/\/aska-bike.com\/","name":"AskaBikes","description":"\u00c5SKA Electric Speed Bikes | Super commuter. All-road adventurer.","publisher":{"@id":"https:\/\/aska-bike.com\/#organization"},"potentialAction":[{"@type":"SearchAction","target":{"@type":"EntryPoint","urlTemplate":"https:\/\/aska-bike.com\/?s={search_term_string}"},"query-input":"required name=search_term_string"}],"inLanguage":"fr-FR"},{"@type":"WebPage","@id":"https:\/\/aska-bike.com\/fr\/reserver-un-essai-routier\/#webpage","url":"https:\/\/aska-bike.com\/fr\/reserver-un-essai-routier\/","name":"R\u00e9server un essai - AskaBikes","isPartOf":{"@id":"https:\/\/aska-bike.com\/#website"},"datePublished":"2024-06-24T14:14:27+00:00","dateModified":"2025-09-25T13:27:12+00:00","description":"R\u00e9servez votre essai sur un speedpedelec \u00c5SKA. D\u00e9couvrez la qualit\u00e9, le confort et le plaisir de ce speedpedelec.","breadcrumb":{"@id":"https:\/\/aska-bike.com\/fr\/reserver-un-essai-routier\/#breadcrumb"},"inLanguage":"fr-FR","potentialAction":[{"@type":"ReadAction","target":["https:\/\/aska-bike.com\/fr\/reserver-un-essai-routier\/"]}]},{"@type":"BreadcrumbList","@id":"https:\/\/aska-bike.com\/fr\/reserver-un-essai-routier\/#breadcrumb","itemListElement":[{"@type":"ListItem","position":1,"name":"R\u00e9server un essai"}]}]}},"_links":{"self":[{"href":"https:\/\/aska-bike.com\/fr\/wp-json\/wp\/v2\/pages\/5600"}],"collection":[{"href":"https:\/\/aska-bike.com\/fr\/wp-json\/wp\/v2\/pages"}],"about":[{"href":"https:\/\/aska-bike.com\/fr\/wp-json\/wp\/v2\/types\/page"}],"author":[{"embeddable":true,"href":"https:\/\/aska-bike.com\/fr\/wp-json\/wp\/v2\/users\/6"}],"replies":[{"embeddable":true,"href":"https:\/\/aska-bike.com\/fr\/wp-json\/wp\/v2\/comments?post=5600"}],"version-history":[{"count":3,"href":"https:\/\/aska-bike.com\/fr\/wp-json\/wp\/v2\/pages\/5600\/revisions"}],"predecessor-version":[{"id":7961,"href":"https:\/\/aska-bike.com\/fr\/wp-json\/wp\/v2\/pages\/5600\/revisions\/7961"}],"wp:attachment":[{"href":"https:\/\/aska-bike.com\/fr\/wp-json\/wp\/v2\/media?parent=5600"}],"curies":[{"name":"wp","href":"https:\/\/api.w.org\/{rel}","templated":true}]}}