{"id":6622,"date":"2024-09-04T16:17:22","date_gmt":"2024-09-04T14:17:22","guid":{"rendered":"https:\/\/aska-bike.com\/speedpedelecs\/"},"modified":"2026-02-27T10:07:49","modified_gmt":"2026-02-27T09:07:49","slug":"speedpedelecs","status":"publish","type":"page","link":"https:\/\/aska-bike.com\/fr\/speedpedelecs\/","title":{"rendered":"Speedpedelecs"},"content":{"rendered":"","protected":false},"excerpt":{"rendered":"","protected":false},"author":6,"featured_media":0,"parent":0,"menu_order":0,"comment_status":"closed","ping_status":"closed","template":"partials\/template_over_ons.php","meta":{"inline_featured_image":false},"yoast_head":"<!-- This site is optimized with the Yoast SEO plugin v17.4 - https:\/\/yoast.com\/wordpress\/plugins\/seo\/ -->\n<title>Speedpedelecs - AskaBikes<\/title>\n<meta name=\"description\" content=\"Pour les cyclistes confirm\u00e9s\u00a0: d\u00e9couvrez les speed pedelecs \u00c5SKA\u00a0: des speed pedelecs puissants, confortables et robustes, dot\u00e9s d&#039;une maniabilit\u00e9 exceptionnelle et d&#039;une suspension int\u00e9grale. Parfaits pour les trajets quotidiens et les sorties aventure.\" \/>\n<meta name=\"robots\" content=\"index, follow, max-snippet:-1, max-image-preview:large, max-video-preview:-1\" \/>\n<link rel=\"canonical\" href=\"https:\/\/aska-bike.com\/fr\/speedpedelecs\/\" \/>\n<meta property=\"og:locale\" content=\"fr_FR\" \/>\n<meta property=\"og:type\" content=\"article\" \/>\n<meta property=\"og:title\" content=\"Speedpedelecs - AskaBikes\" \/>\n<meta property=\"og:description\" content=\"Pour les cyclistes confirm\u00e9s\u00a0: d\u00e9couvrez les speed pedelecs \u00c5SKA\u00a0: des speed pedelecs puissants, confortables et robustes, dot\u00e9s d&#039;une maniabilit\u00e9 exceptionnelle et d&#039;une suspension int\u00e9grale. Parfaits pour les trajets quotidiens et les sorties aventure.\" \/>\n<meta property=\"og:url\" content=\"https:\/\/aska-bike.com\/fr\/speedpedelecs\/\" \/>\n<meta property=\"og:site_name\" content=\"AskaBikes\" \/>\n<meta property=\"article:modified_time\" content=\"2026-02-27T09:07:49+00:00\" \/>\n<meta name=\"twitter:card\" content=\"summary_large_image\" \/>\n<script type=\"application\/ld+json\" class=\"yoast-schema-graph\">{\"@context\":\"https:\/\/schema.org\",\"@graph\":[{\"@type\":\"Organization\",\"@id\":\"https:\/\/aska-bike.com\/#organization\",\"name\":\"\\u00c5SKA BIKE\",\"url\":\"https:\/\/aska-bike.com\/\",\"sameAs\":[],\"logo\":{\"@type\":\"ImageObject\",\"@id\":\"https:\/\/aska-bike.com\/#logo\",\"inLanguage\":\"fr-FR\",\"url\":\"https:\/\/aska-bike.com\/wp-content\/uploads\/2024\/11\/ASKA-logo-black-red-20203010.png\",\"contentUrl\":\"https:\/\/aska-bike.com\/wp-content\/uploads\/2024\/11\/ASKA-logo-black-red-20203010.png\",\"width\":1276,\"height\":470,\"caption\":\"\\u00c5SKA BIKE\"},\"image\":{\"@id\":\"https:\/\/aska-bike.com\/#logo\"}},{\"@type\":\"WebSite\",\"@id\":\"https:\/\/aska-bike.com\/#website\",\"url\":\"https:\/\/aska-bike.com\/\",\"name\":\"AskaBikes\",\"description\":\"\\u00c5SKA Electric Speed Bikes | Super commuter. All-road adventurer.\",\"publisher\":{\"@id\":\"https:\/\/aska-bike.com\/#organization\"},\"potentialAction\":[{\"@type\":\"SearchAction\",\"target\":{\"@type\":\"EntryPoint\",\"urlTemplate\":\"https:\/\/aska-bike.com\/?s={search_term_string}\"},\"query-input\":\"required name=search_term_string\"}],\"inLanguage\":\"fr-FR\"},{\"@type\":\"WebPage\",\"@id\":\"https:\/\/aska-bike.com\/fr\/speedpedelecs\/#webpage\",\"url\":\"https:\/\/aska-bike.com\/fr\/speedpedelecs\/\",\"name\":\"Speedpedelecs - AskaBikes\",\"isPartOf\":{\"@id\":\"https:\/\/aska-bike.com\/#website\"},\"datePublished\":\"2024-09-04T14:17:22+00:00\",\"dateModified\":\"2026-02-27T09:07:49+00:00\",\"description\":\"Pour les cyclistes confirm\\u00e9s\\u00a0: d\\u00e9couvrez les speed pedelecs \\u00c5SKA\\u00a0: des speed pedelecs puissants, confortables et robustes, dot\\u00e9s d'une maniabilit\\u00e9 exceptionnelle et d'une suspension int\\u00e9grale. Parfaits pour les trajets quotidiens et les sorties aventure.\",\"breadcrumb\":{\"@id\":\"https:\/\/aska-bike.com\/fr\/speedpedelecs\/#breadcrumb\"},\"inLanguage\":\"fr-FR\",\"potentialAction\":[{\"@type\":\"ReadAction\",\"target\":[\"https:\/\/aska-bike.com\/fr\/speedpedelecs\/\"]}]},{\"@type\":\"BreadcrumbList\",\"@id\":\"https:\/\/aska-bike.com\/fr\/speedpedelecs\/#breadcrumb\",\"itemListElement\":[{\"@type\":\"ListItem\",\"position\":1,\"name\":\"Speedpedelecs\"}]}]}<\/script>\n<!-- \/ Yoast SEO plugin. -->","yoast_head_json":{"title":"Speedpedelecs - AskaBikes","description":"Pour les cyclistes confirm\u00e9s\u00a0: d\u00e9couvrez les speed pedelecs \u00c5SKA\u00a0: des speed pedelecs puissants, confortables et robustes, dot\u00e9s d'une maniabilit\u00e9 exceptionnelle et d'une suspension int\u00e9grale. Parfaits pour les trajets quotidiens et les sorties aventure.","robots":{"index":"index","follow":"follow","max-snippet":"max-snippet:-1","max-image-preview":"max-image-preview:large","max-video-preview":"max-video-preview:-1"},"canonical":"https:\/\/aska-bike.com\/fr\/speedpedelecs\/","og_locale":"fr_FR","og_type":"article","og_title":"Speedpedelecs - AskaBikes","og_description":"Pour les cyclistes confirm\u00e9s\u00a0: d\u00e9couvrez les speed pedelecs \u00c5SKA\u00a0: des speed pedelecs puissants, confortables et robustes, dot\u00e9s d'une maniabilit\u00e9 exceptionnelle et d'une suspension int\u00e9grale. Parfaits pour les trajets quotidiens et les sorties aventure.","og_url":"https:\/\/aska-bike.com\/fr\/speedpedelecs\/","og_site_name":"AskaBikes","article_modified_time":"2026-02-27T09:07:49+00:00","twitter_card":"summary_large_image","schema":{"@context":"https:\/\/schema.org","@graph":[{"@type":"Organization","@id":"https:\/\/aska-bike.com\/#organization","name":"\u00c5SKA BIKE","url":"https:\/\/aska-bike.com\/","sameAs":[],"logo":{"@type":"ImageObject","@id":"https:\/\/aska-bike.com\/#logo","inLanguage":"fr-FR","url":"https:\/\/aska-bike.com\/wp-content\/uploads\/2024\/11\/ASKA-logo-black-red-20203010.png","contentUrl":"https:\/\/aska-bike.com\/wp-content\/uploads\/2024\/11\/ASKA-logo-black-red-20203010.png","width":1276,"height":470,"caption":"\u00c5SKA BIKE"},"image":{"@id":"https:\/\/aska-bike.com\/#logo"}},{"@type":"WebSite","@id":"https:\/\/aska-bike.com\/#website","url":"https:\/\/aska-bike.com\/","name":"AskaBikes","description":"\u00c5SKA Electric Speed Bikes | Super commuter. All-road adventurer.","publisher":{"@id":"https:\/\/aska-bike.com\/#organization"},"potentialAction":[{"@type":"SearchAction","target":{"@type":"EntryPoint","urlTemplate":"https:\/\/aska-bike.com\/?s={search_term_string}"},"query-input":"required name=search_term_string"}],"inLanguage":"fr-FR"},{"@type":"WebPage","@id":"https:\/\/aska-bike.com\/fr\/speedpedelecs\/#webpage","url":"https:\/\/aska-bike.com\/fr\/speedpedelecs\/","name":"Speedpedelecs - AskaBikes","isPartOf":{"@id":"https:\/\/aska-bike.com\/#website"},"datePublished":"2024-09-04T14:17:22+00:00","dateModified":"2026-02-27T09:07:49+00:00","description":"Pour les cyclistes confirm\u00e9s\u00a0: d\u00e9couvrez les speed pedelecs \u00c5SKA\u00a0: des speed pedelecs puissants, confortables et robustes, dot\u00e9s d'une maniabilit\u00e9 exceptionnelle et d'une suspension int\u00e9grale. Parfaits pour les trajets quotidiens et les sorties aventure.","breadcrumb":{"@id":"https:\/\/aska-bike.com\/fr\/speedpedelecs\/#breadcrumb"},"inLanguage":"fr-FR","potentialAction":[{"@type":"ReadAction","target":["https:\/\/aska-bike.com\/fr\/speedpedelecs\/"]}]},{"@type":"BreadcrumbList","@id":"https:\/\/aska-bike.com\/fr\/speedpedelecs\/#breadcrumb","itemListElement":[{"@type":"ListItem","position":1,"name":"Speedpedelecs"}]}]}},"_links":{"self":[{"href":"https:\/\/aska-bike.com\/fr\/wp-json\/wp\/v2\/pages\/6622"}],"collection":[{"href":"https:\/\/aska-bike.com\/fr\/wp-json\/wp\/v2\/pages"}],"about":[{"href":"https:\/\/aska-bike.com\/fr\/wp-json\/wp\/v2\/types\/page"}],"author":[{"embeddable":true,"href":"https:\/\/aska-bike.com\/fr\/wp-json\/wp\/v2\/users\/6"}],"replies":[{"embeddable":true,"href":"https:\/\/aska-bike.com\/fr\/wp-json\/wp\/v2\/comments?post=6622"}],"version-history":[{"count":5,"href":"https:\/\/aska-bike.com\/fr\/wp-json\/wp\/v2\/pages\/6622\/revisions"}],"predecessor-version":[{"id":6623,"href":"https:\/\/aska-bike.com\/fr\/wp-json\/wp\/v2\/pages\/6622\/revisions\/6623"}],"wp:attachment":[{"href":"https:\/\/aska-bike.com\/fr\/wp-json\/wp\/v2\/media?parent=6622"}],"curies":[{"name":"wp","href":"https:\/\/api.w.org\/{rel}","templated":true}]}}